{"id":30,"date":"2017-01-09T17:25:10","date_gmt":"2017-01-09T17:25:10","guid":{"rendered":"http:\/\/sites.ipleiria.pt\/premiopedromatos\/?page_id=30"},"modified":"2025-01-08T10:17:19","modified_gmt":"2025-01-08T10:17:19","slug":"pre-inscricao","status":"publish","type":"page","link":"https:\/\/premiopedromatos.ipleiria.pt\/ppm24\/pre-inscricao\/","title":{"rendered":"Pr\u00e9-inscri\u00e7\u00e3o"},"content":{"rendered":"\n<div class=\"container\" style=\"margin-bottom: 140px\">\n<h2 class=\"entry-title h-text-center\">Formul\u00e1rio de Pr\u00e9-inscri\u00e7\u00e3o<\/h2>\n<!--p class=\"text-center\"&gt;As inscri\u00e7\u00f5es est\u00e3o encerradas&lt;\/p-->\n<p>Inscri\u00e7\u00f5es encerradas.<\/p>\n<h3 id=\"privacidade\" class=\"entry-title h-text-center\" style=\"margin-top: 60px\">Privacidade<\/h3>\n<ol>\n<li>Os dados pessoais recolhidos atrav\u00e9s deste formul\u00e1rio, destinam-se a ser exclusivamente tratados pela institui\u00e7\u00e3o de ensino, no \u00e2mbito das suas atribui\u00e7\u00f5es, tendo como finalidade constituir o processo de pr\u00e9-inscri\u00e7\u00e3o na 14.\u00aa edi\u00e7\u00e3o do Pr\u00e9mio Pedro Matos.<\/li>\n<li>O titular dos dados tem o direito de aceder aos seus dados pessoais, bem como, dentro dos limites da legisla\u00e7\u00e3o, de os alterar, opor-se ao respetivo tratamento, decidir sobre o tratamento automatizado dos mesmos, retirar o consentimento e exercer os demais direitos. Caso retire o seu consentimento, tal n\u00e3o compromete a licitude do tratamento efetuado at\u00e9 essa data. Tem igualmente o direito de ser notificado, nos termos previstos na lei, caso ocorra uma viola\u00e7\u00e3o dos seus dados pessoais, podendo reclamar perante a(s) autoridade(s).<\/li>\n<li>Para obter mais informa\u00e7\u00e3o dos direitos que lhe assistem na qualidade de titular de dados, pode consultar a Pol\u00edtica de Privacidade e Tratamento de Dados Pessoais do Polit\u00e9cnico de Leiria em <a href=\"https:\/\/www.ipleiria.pt\/politica-de-privacidade\/\" target=\"_blank\" rel=\"noopener noreferrer\">https:\/\/www.ipleiria.pt\/politica-de-privacidade\/<\/a> e as Regras da Garantia de Privacidade em <a href=\"https:\/\/premiopedromatos.ipleiria.pt\/privacidade\/\" target=\"_blank\" rel=\"noopener noreferrer\">https:\/\/premiopedromatos.ipleiria.pt\/privacidade\/<\/a>.<\/li>\n<\/ol>\n<\/div>\n\n\n\n<p><\/p>\n","protected":false},"excerpt":{"rendered":"<p>Formul\u00e1rio de Pr\u00e9-inscri\u00e7\u00e3o Inscri\u00e7\u00f5es encerradas. Privacidade Os dados pessoais recolhidos atrav\u00e9s deste formul\u00e1rio, destinam-se a ser exclusivamente tratados pela institui\u00e7\u00e3o de ensino, no \u00e2mbito das suas atribui\u00e7\u00f5es, tendo como finalidade<\/p>\n<div class=\"more-link-container\"> [&hellip;]<\/div>\n<p> <span class=\"more-text\">[+]<\/span><\/p>\n","protected":false},"author":91,"featured_media":0,"parent":0,"menu_order":0,"comment_status":"closed","ping_status":"closed","template":"","meta":{"footnotes":""},"class_list":["post-30","page","type-page","status-publish","hentry"],"_links":{"self":[{"href":"https:\/\/premiopedromatos.ipleiria.pt\/ppm24\/wp-json\/wp\/v2\/pages\/30","targetHints":{"allow":["GET"]}}],"collection":[{"href":"https:\/\/premiopedromatos.ipleiria.pt\/ppm24\/wp-json\/wp\/v2\/pages"}],"about":[{"href":"https:\/\/premiopedromatos.ipleiria.pt\/ppm24\/wp-json\/wp\/v2\/types\/page"}],"author":[{"embeddable":true,"href":"https:\/\/premiopedromatos.ipleiria.pt\/ppm24\/wp-json\/wp\/v2\/users\/91"}],"replies":[{"embeddable":true,"href":"https:\/\/premiopedromatos.ipleiria.pt\/ppm24\/wp-json\/wp\/v2\/comments?post=30"}],"version-history":[{"count":2,"href":"https:\/\/premiopedromatos.ipleiria.pt\/ppm24\/wp-json\/wp\/v2\/pages\/30\/revisions"}],"predecessor-version":[{"id":558,"href":"https:\/\/premiopedromatos.ipleiria.pt\/ppm24\/wp-json\/wp\/v2\/pages\/30\/revisions\/558"}],"wp:attachment":[{"href":"https:\/\/premiopedromatos.ipleiria.pt\/ppm24\/wp-json\/wp\/v2\/media?parent=30"}],"curies":[{"name":"wp","href":"https:\/\/api.w.org\/{rel}","templated":true}]}}