{"id":20,"date":"2017-01-09T17:08:30","date_gmt":"2017-01-09T17:08:30","guid":{"rendered":"http:\/\/sites.ipleiria.pt\/premiopedromatos\/?page_id=20"},"modified":"2017-01-09T17:08:30","modified_gmt":"2017-01-09T17:08:30","slug":"premios","status":"publish","type":"page","link":"https:\/\/premiopedromatos.ipleiria.pt\/ppm19\/premios\/","title":{"rendered":"Pr\u00e9mios"},"content":{"rendered":"<div class=\"container\" style=\"margin-bottom:30px\">\n<h2 class=\"entry-title h-text-center\">Pr\u00e9mios<\/h2>\n<p style=\"padding-bottom:30px;text-align:center;font-size:1.1em\">Pr\u00e9mios de valor id\u00eantico para cada uma das categorias (<span class=\"text-semi-bold\">Pr\u00e9mio Pedro Matos J\u00fanior<\/span> e <span class=\"text-semi-bold\">Pr\u00e9mio Pedro Matos<\/span>):<\/p>\n<div class=\"row\" style=\"margin-bottom:30px\">\n<div class=\"col-md-2 col-xs-12\">\n<h3 style=\"margin-top: 0\">1.\u00ba Pr\u00e9mio<\/h3>\n<\/div>\n<div class=\"col-md-10 col-xs-12\">\n<p><b>Pr\u00e9mio monet\u00e1rio no valor de 500\u20ac<\/b> (quinhentos euros) a atribuir ao grupo de alunos, mais um pr\u00e9mio a atribuir ao professor orientador do grupo.<\/p>\n<\/div>\n<\/div>\n<div class=\"row\" style=\"margin-bottom:30px\">\n<div class=\"col-md-2 col-xs-12\">\n<h3 style=\"margin-top: 0\">2.\u00ba Pr\u00e9mio<\/h3>\n<\/div>\n<div class=\"col-md-10 col-xs-12\">\n<p><b>Pr\u00e9mio monet\u00e1rio no valor de 300\u20ac<\/b> (trezentos euros) a atribuir ao grupo de alunos, mais um pr\u00e9mio a atribuir ao professor orientador do grupo.<\/p>\n<\/div>\n<\/div>\n<div class=\"row\" style=\"margin-bottom:30px\">\n<div class=\"col-md-2 col-xs-12\">\n<h3 style=\"margin-top: 0\">3.\u00ba Pr\u00e9mio<\/h3>\n<\/div>\n<div class=\"col-md-10 col-xs-12\">\n<p><b>Pr\u00e9mio monet\u00e1rio no valor de 200\u20ac<\/b> (duzentos euros) a atribuir ao grupo de alunos, mais um pr\u00e9mio a atribuir ao professor orientador do grupo.<\/p>\n<\/div>\n<\/div>\n<div class=\"row\" style=\"margin-top:10px\">\n<div class=\"col-md-2 col-xs-12 hidden-xs\">\n<\/div>\n<div class=\"col-md-10 col-xs-12\">\n<p><b>Pr\u00e9mio a atribuir \u00e0 escola do grupo vencedor do 1.\u00ba Pr\u00e9mio:<\/b><\/p>\n<p><p><b>Placa de distin\u00e7\u00e3o<\/b> e <b>um livro<\/b> de refer\u00eancia na \u00e1rea da Matem\u00e1tica, definido pela comiss\u00e3o organizadora.<\/p>\n<\/div>\n<\/div>\n<\/div>\n","protected":false},"excerpt":{"rendered":"<p>Pr\u00e9mios Pr\u00e9mios de valor id\u00eantico para cada uma das categorias (Pr\u00e9mio Pedro Matos J\u00fanior e Pr\u00e9mio Pedro Matos): 1.\u00ba Pr\u00e9mio Pr\u00e9mio monet\u00e1rio no valor de 500\u20ac (quinhentos euros) a atribuir<\/p>\n<div class=\"more-link-container\"> [&hellip;]<\/div>\n<p> <span class=\"more-text\">[+]<\/span><\/p>\n","protected":false},"author":97,"featured_media":0,"parent":0,"menu_order":0,"comment_status":"closed","ping_status":"closed","template":"","meta":{"footnotes":""},"class_list":["post-20","page","type-page","status-publish","hentry"],"_links":{"self":[{"href":"https:\/\/premiopedromatos.ipleiria.pt\/ppm19\/wp-json\/wp\/v2\/pages\/20","targetHints":{"allow":["GET"]}}],"collection":[{"href":"https:\/\/premiopedromatos.ipleiria.pt\/ppm19\/wp-json\/wp\/v2\/pages"}],"about":[{"href":"https:\/\/premiopedromatos.ipleiria.pt\/ppm19\/wp-json\/wp\/v2\/types\/page"}],"author":[{"embeddable":true,"href":"https:\/\/premiopedromatos.ipleiria.pt\/ppm19\/wp-json\/wp\/v2\/users\/97"}],"replies":[{"embeddable":true,"href":"https:\/\/premiopedromatos.ipleiria.pt\/ppm19\/wp-json\/wp\/v2\/comments?post=20"}],"version-history":[{"count":0,"href":"https:\/\/premiopedromatos.ipleiria.pt\/ppm19\/wp-json\/wp\/v2\/pages\/20\/revisions"}],"wp:attachment":[{"href":"https:\/\/premiopedromatos.ipleiria.pt\/ppm19\/wp-json\/wp\/v2\/media?parent=20"}],"curies":[{"name":"wp","href":"https:\/\/api.w.org\/{rel}","templated":true}]}}