{"id":32,"date":"2017-01-09T18:03:28","date_gmt":"2017-01-09T18:03:28","guid":{"rendered":"http:\/\/premiopedromatos.ipleiria.pt\/?page_id=32"},"modified":"2017-01-09T18:03:28","modified_gmt":"2017-01-09T18:03:28","slug":"edicoes","status":"publish","type":"page","link":"https:\/\/premiopedromatos.ipleiria.pt\/ppm18\/edicoes\/","title":{"rendered":"Edi\u00e7\u00f5es"},"content":{"rendered":"<div class=\"container\" style=\"margin-bottom:30px\">\n<h2 class=\"entry-title h-text-center\">Edi\u00e7\u00f5es Anteriores do Pr\u00e9mio Pedro Matos<\/h2>\n<div class=\"row\" style=\"margin-top:60px\">\n<div class=\"col-md-4 text-center\">\n<p><a href=\"http:\/\/premiopedromatos.ipleiria.pt\/ppm17\/\" target=\"_blank\"><span class=\"text-semi-bold\" style=\"font-size: 1.2rem\">9.\u00aa Edi\u00e7\u00e3o<\/span> (2016\/2017)<\/a><\/p>\n<p><img decoding=\"async\" src=\"http:\/\/premiopedromatos.ipleiria.pt\/ppm18\/files\/2017\/03\/CartazPPM2017_sp.png\" alt=\"cartaz 9\u00aa edi\u00e7\u00e3o\" \/><\/p>\n<\/div>\n<div class=\"col-md-4 text-center\">\n<p><a href=\"http:\/\/premiopedromatos.ipleiria.pt\/files\/old\/ppm8\/index.html\" target=\"_blank\"><span class=\"text-semi-bold\" style=\"font-size: 1.2rem\">8.\u00aa Edi\u00e7\u00e3o<\/span> (2015\/2016)<\/a><\/p>\n<p><img decoding=\"async\" src=\"http:\/\/premiopedromatos.ipleiria.pt\/ppm18\/files\/2017\/01\/cartazPPM8.jpg\" alt=\"cartaz 8\u00aa edi\u00e7\u00e3o\" \/><\/p>\n<\/div>\n<div class=\"col-md-4 text-center\">\n<p><a href=\"http:\/\/premiopedromatos.ipleiria.pt\/files\/old\/ppm7\/index.html\" target=\"_blank\"><span class=\"text-semi-bold\" style=\"font-size: 1.2rem\">7.\u00aa Edi\u00e7\u00e3o<\/span> (2014\/2015)<\/a><\/p>\n<p><img decoding=\"async\" src=\"http:\/\/premiopedromatos.ipleiria.pt\/ppm18\/files\/2017\/01\/cartazPPM7.jpg\" alt=\"cartaz 7\u00aa edi\u00e7\u00e3o\" \/><\/p>\n<\/div>\n<\/div>\n<div class=\"row\" style=\"margin-top:60px\">\n<div class=\"col-md-4 text-center\">\n<p><a href=\"http:\/\/premiopedromatos.ipleiria.pt\/files\/old\/ppm6\/index.html\" target=\"_blank\"><span class=\"text-semi-bold\" style=\"font-size: 1.2rem\">6.\u00aa Edi\u00e7\u00e3o<\/span> (2013\/2014)<\/a><\/p>\n<p><img decoding=\"async\" src=\"http:\/\/premiopedromatos.ipleiria.pt\/ppm18\/files\/2017\/01\/cartazPPM6.png\" alt=\"cartaz 6\u00aa edi\u00e7\u00e3o\" \/><\/p>\n<\/div>\n<div class=\"col-md-4 text-center\">\n<p><a href=\"http:\/\/premiopedromatos.ipleiria.pt\/files\/old\/ppm5\/index.html\" target=\"_blank\"><span class=\"text-semi-bold\" style=\"font-size: 1.2rem\">5.\u00aa Edi\u00e7\u00e3o<\/span> (2012\/2013)<\/a><\/p>\n<p><img decoding=\"async\" src=\"http:\/\/premiopedromatos.ipleiria.pt\/ppm18\/files\/2017\/01\/cartazPPM5.jpg\" alt=\"cartaz 5\u00aa edi\u00e7\u00e3o\" \/><\/p>\n<\/div>\n<div class=\"col-md-4 text-center\">\n<p><a href=\"http:\/\/premiopedromatos.ipleiria.pt\/files\/old\/ppm4\/index.html\" target=\"_blank\"><span class=\"text-semi-bold\" style=\"font-size: 1.2rem\">4.\u00aa Edi\u00e7\u00e3o<\/span> (2011\/2012)<\/a><\/p>\n<p><img decoding=\"async\" src=\"http:\/\/premiopedromatos.ipleiria.pt\/ppm18\/files\/2017\/01\/cartazPPM4.jpg\" alt=\"cartaz 4\u00aa edi\u00e7\u00e3o\" \/><\/p>\n<\/div>\n<\/div>\n<div class=\"row\">\n<div class=\"col-md-4 text-center\">\n<p><a href=\"http:\/\/premiopedromatos.ipleiria.pt\/files\/old\/ppm3\/index.html\" target=\"_blank\"><span class=\"text-semi-bold\" style=\"font-size: 1.2rem\">3.\u00aa Edi\u00e7\u00e3o<\/span> (2010\/2011)<\/a><\/p>\n<p><img decoding=\"async\" src=\"http:\/\/premiopedromatos.ipleiria.pt\/ppm18\/files\/2017\/01\/cartazPPM3.jpg\" alt=\"cartaz 3\u00aa edi\u00e7\u00e3o\" \/><\/p>\n<\/div>\n<div class=\"col-md-4 text-center\">\n<p><a href=\"http:\/\/premiopedromatos.ipleiria.pt\/files\/old\/ppm2\/index.html\" target=\"_blank\"><span class=\"text-semi-bold\" style=\"font-size: 1.2rem\">2.\u00aa Edi\u00e7\u00e3o<\/span> (2009\/2010)<\/a><\/p>\n<p><img decoding=\"async\" src=\"http:\/\/premiopedromatos.ipleiria.pt\/ppm18\/files\/2017\/01\/cartazPPM2.jpg\" alt=\"cartaz 2\u00aa edi\u00e7\u00e3o\" \/><\/p>\n<\/div>\n<div class=\"col-md-4 text-center\">\n<p><a href=\"http:\/\/premiopedromatos.ipleiria.pt\/files\/old\/ppm1\/index.html\" target=\"_blank\"><span class=\"text-semi-bold\" style=\"font-size: 1.2rem\">1.\u00aa Edi\u00e7\u00e3o<\/span> (2008\/2009)<\/a><\/p>\n<p><img decoding=\"async\" src=\"http:\/\/premiopedromatos.ipleiria.pt\/ppm18\/files\/2017\/01\/cartazPPM1.jpg\" alt=\"cartaz 1\u00aa edi\u00e7\u00e3o\" \/><\/p>\n<\/div>\n<\/div>\n<\/div>\n","protected":false},"excerpt":{"rendered":"<p>Edi\u00e7\u00f5es Anteriores do Pr\u00e9mio Pedro Matos 9.\u00aa Edi\u00e7\u00e3o (2016\/2017) 8.\u00aa Edi\u00e7\u00e3o (2015\/2016) 7.\u00aa Edi\u00e7\u00e3o (2014\/2015) 6.\u00aa Edi\u00e7\u00e3o (2013\/2014) 5.\u00aa Edi\u00e7\u00e3o (2012\/2013) 4.\u00aa Edi\u00e7\u00e3o (2011\/2012) 3.\u00aa Edi\u00e7\u00e3o (2010\/2011) 2.\u00aa Edi\u00e7\u00e3o (2009\/2010)<\/p>\n<div class=\"more-link-container\"> [&hellip;]<\/div>\n<p> <span class=\"more-text\">[+]<\/span><\/p>\n","protected":false},"author":97,"featured_media":0,"parent":0,"menu_order":0,"comment_status":"closed","ping_status":"closed","template":"","meta":{"footnotes":""},"class_list":["post-32","page","type-page","status-publish","hentry"],"_links":{"self":[{"href":"https:\/\/premiopedromatos.ipleiria.pt\/ppm18\/wp-json\/wp\/v2\/pages\/32","targetHints":{"allow":["GET"]}}],"collection":[{"href":"https:\/\/premiopedromatos.ipleiria.pt\/ppm18\/wp-json\/wp\/v2\/pages"}],"about":[{"href":"https:\/\/premiopedromatos.ipleiria.pt\/ppm18\/wp-json\/wp\/v2\/types\/page"}],"author":[{"embeddable":true,"href":"https:\/\/premiopedromatos.ipleiria.pt\/ppm18\/wp-json\/wp\/v2\/users\/97"}],"replies":[{"embeddable":true,"href":"https:\/\/premiopedromatos.ipleiria.pt\/ppm18\/wp-json\/wp\/v2\/comments?post=32"}],"version-history":[{"count":0,"href":"https:\/\/premiopedromatos.ipleiria.pt\/ppm18\/wp-json\/wp\/v2\/pages\/32\/revisions"}],"wp:attachment":[{"href":"https:\/\/premiopedromatos.ipleiria.pt\/ppm18\/wp-json\/wp\/v2\/media?parent=32"}],"curies":[{"name":"wp","href":"https:\/\/api.w.org\/{rel}","templated":true}]}}