{"id":30,"date":"2017-01-09T17:25:10","date_gmt":"2017-01-09T17:25:10","guid":{"rendered":"http:\/\/sites.ipleiria.pt\/premiopedromatos\/?page_id=30"},"modified":"2017-01-09T17:25:10","modified_gmt":"2017-01-09T17:25:10","slug":"pre-inscricao","status":"publish","type":"page","link":"https:\/\/premiopedromatos.ipleiria.pt\/ppm18\/pre-inscricao\/","title":{"rendered":"Pr\u00e9-inscri\u00e7\u00e3o"},"content":{"rendered":"<div class=\"container\" style=\"margin-bottom:140px\">\n<h2 class=\"entry-title h-text-center\">Pr\u00e9-inscri\u00e7\u00e3o no Pr\u00e9mio Pedro Matos<\/h2>\n<p class=\"text-center\">[form form-preinscricao]<\/p>\n<\/div>\n","protected":false},"excerpt":{"rendered":"<p>Pr\u00e9-inscri\u00e7\u00e3o no Pr\u00e9mio Pedro Matos [form form-preinscricao] <span class=\"more-text\">[+]<\/span><\/p>\n","protected":false},"author":97,"featured_media":0,"parent":0,"menu_order":0,"comment_status":"closed","ping_status":"closed","template":"","meta":{"footnotes":""},"class_list":["post-30","page","type-page","status-publish","hentry"],"_links":{"self":[{"href":"https:\/\/premiopedromatos.ipleiria.pt\/ppm18\/wp-json\/wp\/v2\/pages\/30","targetHints":{"allow":["GET"]}}],"collection":[{"href":"https:\/\/premiopedromatos.ipleiria.pt\/ppm18\/wp-json\/wp\/v2\/pages"}],"about":[{"href":"https:\/\/premiopedromatos.ipleiria.pt\/ppm18\/wp-json\/wp\/v2\/types\/page"}],"author":[{"embeddable":true,"href":"https:\/\/premiopedromatos.ipleiria.pt\/ppm18\/wp-json\/wp\/v2\/users\/97"}],"replies":[{"embeddable":true,"href":"https:\/\/premiopedromatos.ipleiria.pt\/ppm18\/wp-json\/wp\/v2\/comments?post=30"}],"version-history":[{"count":0,"href":"https:\/\/premiopedromatos.ipleiria.pt\/ppm18\/wp-json\/wp\/v2\/pages\/30\/revisions"}],"wp:attachment":[{"href":"https:\/\/premiopedromatos.ipleiria.pt\/ppm18\/wp-json\/wp\/v2\/media?parent=30"}],"curies":[{"name":"wp","href":"https:\/\/api.w.org\/{rel}","templated":true}]}}