{"id":20,"date":"2017-01-09T17:08:30","date_gmt":"2017-01-09T17:08:30","guid":{"rendered":"http:\/\/sites.ipleiria.pt\/premiopedromatos\/?page_id=20"},"modified":"2017-01-09T17:08:30","modified_gmt":"2017-01-09T17:08:30","slug":"premios","status":"publish","type":"page","link":"https:\/\/premiopedromatos.ipleiria.pt\/ppm17\/premios\/","title":{"rendered":"Pr\u00e9mios"},"content":{"rendered":"<div class=\"container\" style=\"margin-bottom:30px\">\n<h2 class=\"entry-title h-text-center\">Premiados<\/h2>\n<div class=\"row\" style=\"margin-bottom:30px\">\n<div class=\"col-md-10 col-xs-12\">\n<h3 style=\"margin-top: 0;color:#0094A8\">1.\u00ba Pr\u00e9mio <span style=\"font-size:0.5em;font-weight:normal\">(Pr\u00e9mio monet\u00e1rio no valor de 800\u20ac)<\/span><\/h3>\n<h3>Leonor Ver\u00edssimo Carvalho Lince Duarte<\/h3>\n<p><strong>Escola Secund\u00e1ria Maria Lamas do Agrupamento Gil Paes (Torres Novas).<\/strong><\/p>\n<p>A estudante apresentou o  trabalho intitulado \u201cUma Viagem Matem\u00e1tica para a \u00cdndia\u201d, sob orienta\u00e7\u00e3o da Professora Cristina Maria Cohen Carvalho.<\/p>\n<\/div>\n<div class=\"col-md-2 col-xs-12\">\n  <img decoding=\"async\" class=\"img-responsive\" src=\"https:\/\/premiopedromatos.ipleiria.pt\/ppm17\/files\/2017\/07\/1_premioPedroMatos2017.jpg\" alt=\"Vencedora do Primeiro Pr\u00e9mio Leonor Duarte\">\n<\/div>\n<\/div>\n<div class=\"row\" style=\"margin-bottom:30px\">\n<div class=\"col-md-10 col-xs-12\">\n<h3 style=\"margin-top: 0;color:#0094A8\">2.\u00ba Pr\u00e9mio <span style=\"font-size:0.5em;font-weight:normal\">(Pr\u00e9mio monet\u00e1rio no valor de 500\u20ac)<\/span><\/h3>\n<h3>Rita Almeida Neves<\/h3>\n<p><strong>Escola B\u00e1sica e Secund\u00e1ria de Our\u00e9m.<\/strong><\/p>\n<p>A estudante apresentou o trabalho intitulado \u201cPedro Nunes: Medir o Mar\u201d, sob orienta\u00e7\u00e3o da Professora Eunice da Gra\u00e7a Hon\u00f3rio Santos Ferreira.<\/p>\n<\/div>\n<div class=\"col-md-2 col-xs-12\">\n  <img decoding=\"async\" class=\"img-responsive\" src=\"https:\/\/premiopedromatos.ipleiria.pt\/ppm17\/files\/2017\/07\/2_premioPedroMatos2017.jpg\" alt=\"Vencedora do Segundo pr\u00e9mio Rita Almeida Neves\">\n<\/div>\n<\/div>\n<\/div>\n<div class=\"container\">\n<h2 class=\"entry-title h-text-center\">Cerim\u00f3nia de entrega de pr\u00e9mios<\/h2>\n<div class=\"row\">\n<div class=\"col-md-3\">\n<div><\/div>\n<p>Vencedora do Primeiro Pr\u00e9mio<br \/><strong>Leonor Duarte<\/strong><\/p>\n<\/div>\n<div class=\"col-md-3\">\n<div><\/div>\n<p>Vencedora do Segundo Pr\u00e9mio<br \/><strong>Rita Almeida Neves<\/strong><\/p>\n<\/div>\n<div class=\"col-md-6\">\n<div><\/div>\n<p>Vencedores e organiza\u00e7\u00e3o do Pr\u00e9mio<\/p>\n<\/div>\n<\/div>\n<\/div>\n<div class=\"container\" style=\"margin-bottom:30px\">\n<h2 class=\"entry-title h-text-center\">Pr\u00e9mios atribu\u00eddos<\/h2>\n<div class=\"row\" style=\"margin-bottom:30px\">\n<div class=\"col-md-2 col-xs-12\">\n<h3 style=\"margin-top: 0\">1.\u00ba Pr\u00e9mio<\/h3>\n<\/div>\n<div class=\"col-md-10 col-xs-12\">\n<p><b>Pr\u00e9mio monet\u00e1rio no valor de 800\u20ac<\/b> (oitocentos euros) a atribuir ao grupo de alunos, mais um pr\u00e9mio a atribuir ao professor orientador do grupo.<\/p>\n<\/div>\n<\/div>\n<div class=\"row\" style=\"margin-bottom:30px\">\n<div class=\"col-md-2 col-xs-12\">\n<h3 style=\"margin-top: 0\">2.\u00ba Pr\u00e9mio<\/h3>\n<\/div>\n<div class=\"col-md-10 col-xs-12\">\n<p><b>Pr\u00e9mio monet\u00e1rio no valor de 500\u20ac<\/b> (quinhentos euros) a atribuir ao grupo de alunos, mais um pr\u00e9mio a atribuir ao professor orientador do grupo.<\/p>\n<\/div>\n<\/div>\n<div class=\"row\" style=\"margin-bottom:30px\">\n<div class=\"col-md-2 col-xs-12\">\n<h3 style=\"margin-top: 0\">3.\u00ba Pr\u00e9mio<\/h3>\n<\/div>\n<div class=\"col-md-10 col-xs-12\">\n<p><b>Pr\u00e9mio monet\u00e1rio no valor de 300\u20ac<\/b> (trezentos euros) a atribuir ao grupo de alunos, mais um pr\u00e9mio a atribuir ao professor orientador do grupo.<\/p>\n<\/div>\n<\/div>\n<div class=\"row\" style=\"margin-top:10px\">\n<div class=\"col-md-2 col-xs-12 hidden-xs\">\n<\/div>\n<div class=\"col-md-10 col-xs-12\">\n<p><b>Pr\u00e9mio a atribuir a cada uma das institui\u00e7\u00f5es de ensino \u00e0s quais pertencem os professores orientadores dos tr\u00eas pr\u00e9mios:<\/b><\/p>\n<p><p><b>Placa de distin\u00e7\u00e3o<\/b> (com a indica\u00e7\u00e3o do t\u00edtulo do trabalho, nomes dos alunos e do professor orientador) e <b>um livro<\/b> de refer\u00eancia na \u00e1rea da matem\u00e1tica definido pela comiss\u00e3o organizadora.<\/p>\n<\/div>\n<\/div>\n<\/div>\n","protected":false},"excerpt":{"rendered":"<p>Premiados 1.\u00ba Pr\u00e9mio (Pr\u00e9mio monet\u00e1rio no valor de 800\u20ac) Leonor Ver\u00edssimo Carvalho Lince Duarte Escola Secund\u00e1ria Maria Lamas do Agrupamento Gil Paes (Torres Novas). A estudante apresentou o trabalho intitulado<\/p>\n<div class=\"more-link-container\"> [&hellip;]<\/div>\n<p> <span class=\"more-text\">[+]<\/span><\/p>\n","protected":false},"author":97,"featured_media":0,"parent":0,"menu_order":0,"comment_status":"closed","ping_status":"closed","template":"","meta":{"footnotes":""},"class_list":["post-20","page","type-page","status-publish","hentry"],"_links":{"self":[{"href":"https:\/\/premiopedromatos.ipleiria.pt\/ppm17\/wp-json\/wp\/v2\/pages\/20","targetHints":{"allow":["GET"]}}],"collection":[{"href":"https:\/\/premiopedromatos.ipleiria.pt\/ppm17\/wp-json\/wp\/v2\/pages"}],"about":[{"href":"https:\/\/premiopedromatos.ipleiria.pt\/ppm17\/wp-json\/wp\/v2\/types\/page"}],"author":[{"embeddable":true,"href":"https:\/\/premiopedromatos.ipleiria.pt\/ppm17\/wp-json\/wp\/v2\/users\/97"}],"replies":[{"embeddable":true,"href":"https:\/\/premiopedromatos.ipleiria.pt\/ppm17\/wp-json\/wp\/v2\/comments?post=20"}],"version-history":[{"count":0,"href":"https:\/\/premiopedromatos.ipleiria.pt\/ppm17\/wp-json\/wp\/v2\/pages\/20\/revisions"}],"wp:attachment":[{"href":"https:\/\/premiopedromatos.ipleiria.pt\/ppm17\/wp-json\/wp\/v2\/media?parent=20"}],"curies":[{"name":"wp","href":"https:\/\/api.w.org\/{rel}","templated":true}]}}